{"id":94,"date":"2017-04-10T07:13:41","date_gmt":"2017-04-10T07:13:41","guid":{"rendered":"https:\/\/musimi.dk\/blog\/?page_id=94"},"modified":"2024-03-30T18:46:10","modified_gmt":"2024-03-30T18:46:10","slug":"bedste-internet","status":"publish","type":"page","link":"https:\/\/musimi.dk\/blog\/bedste-internet\/","title":{"rendered":"Bedste internetudbyder 2026"},"content":{"rendered":"<p>Brug tabellen nedenfor til at finde frem til det bedste internet lige nu, alts\u00e5 hvilken udbyder der performer bedst over for sine kunder lige nu. Tabellen er lavet p\u00e5 baggrund af de forskellige udbyderes trustpilotscores, og tabellen opdateres l\u00f8bende.<\/p>\n<p>[bedste]<\/p>\n<p>[bedste_simple]<\/p>\n<h2><img loading=\"lazy\" decoding=\"async\" class=\"alignright wp-image-104 size-full\" src=\"https:\/\/musimi.dk\/blog\/wp-content\/uploads\/2017\/04\/bedste-internet.png\" alt=\"bedste internet\" width=\"256\" height=\"256\" srcset=\"https:\/\/musimi.dk\/blog\/wp-content\/uploads\/2017\/04\/bedste-internet.png 256w, https:\/\/musimi.dk\/blog\/wp-content\/uploads\/2017\/04\/bedste-internet-150x150.png 150w\" sizes=\"auto, (max-width: 256px) 100vw, 256px\" \/>Definition p\u00e5 <strong>det bedste internet<\/strong><\/h2>\n<p>N\u00e5r man skal vurdere, hvem der tilbyder det bedste internet, s\u00e5 er der flere faktorer som er er i spil:<\/p>\n<p><strong>Kundeservice\/support<\/strong><\/p>\n<p>N\u00e5r man v\u00e6lger internet, s\u00e5 er nogle af de vigtigste faktorer kundeservice og support. Lang de fleste vil nemlig p\u00e5 et eller andet tidspunkt komme i kontakt med deres udbyder enten fordi de har sp\u00f8rgsm\u00e5l til deres regning, fordi der er tekniske problemer med deres forbindelse eller m\u00e5ske fordi man \u00f8nsker at op- eller ned-gradere sin hastighed. Lige gyldigt hvad, s\u00e5 er det vigtigt, at udbyderen support-afdeling er til at komme i kontakt med, og at man ikke skal vente alt for lang tid i k\u00f8 for at komme igennem. \u00a0Man kan sp\u00f8rge sige selv &#8211; Er billigt internet det v\u00e6rd, hvis det aldrig virker, og man ikke kan f\u00e5 hj\u00e6lp hos udbyderens support afdeling?<\/p>\n<p><strong>Stabilitet<\/strong><\/p>\n<p>Udover tilg\u00e6ngeligheden af support og vejledning, s\u00e5 er det selvf\u00f8lgelig ogs\u00e5 vigtigt, at det internet man k\u00f8ber er stabilt og at man f\u00e5r det man betaler for. Der er ikke noget v\u00e6rre end at betale for 30 Mbit\/s og s\u00e5 kun f\u00e5 leveret 15 Mbit\/s. Andre gange f\u00e5r man den hastighed man betaler for, men til gen g\u00e6ld er det ofte udfald p\u00e5 linjen, som g\u00f8r, at man til tider mister internetforbindelsen helt. De teknologier som giver dig den bedste stabilitet er pt. <a href=\"\/billigste-fibernet.php\">fiber<\/a> og COAX, s\u00e5 v\u00e6lger du en l\u00f8sning med disse teknologier, burde du v\u00e6re godt d\u00e6kket ind p\u00e5 denne front. Fiber kender du sikkert allerede, men for dig som ikke kender til COAX, s\u00e5 er det blot internet leveret igennem dit TV-antennestik. Dette stik anvender <a href=\"https:\/\/da.wikipedia.org\/wiki\/Koaksialkabel\">coaxial digital kabler<\/a>, deraf navnet.<\/p>\n<p><strong>Hastighed\/pris<\/strong><\/p>\n<p>Det som g\u00f8r godt internet til det bedste internet er forholdet mellem hastighed og pris. Du vil som kunde gerne have s\u00e5 mange Mbit for pengene som muligt, men selvf\u00f8lgelig ikke p\u00e5 bekostning af stabiliteten (som beskrevet ovenfor). Det bedste internet er s\u00e5ledes en forbindelse, hvor du f\u00e5r mange Mbit til f\u00e5 penge, men hvor du samtidig f\u00e5r en forbindelse som rent faktisk levere din hastighed, m\u00e5ske via en hastigheds-garanti, og hvor nettet aldrig er nede.<\/p>\n<hr \/>\n<p>Hos Musimi.dk mener vi, at ovenst\u00e5ende tre punkter alle indg\u00e5r som en del af de faktorer, som udbyderens kunder vurdere udbyderen p\u00e5, n\u00e5r de anmelder dem p\u00e5 Trustpilot. Derfor mener vi at en udbyders trustpilotscore er det t\u00e6tteste vi kommer p\u00e5 en faktisk vurdering af, hvem der tilbyder det bedste internet lige nu.<\/p>\n<h2>Hvem er <strong>de hurtigste<\/strong>?<\/h2>\n<p>Hvis du t\u00e6nkte p\u00e5 bedst som i hurtigst, s\u00e5 kan vi ogs\u00e5 hj\u00e6lpe dig med at finde den hurtigste udbyder p\u00e5 markedet herunder. Vi har nemlig, i tabellen nedenfor, samlet top 10 over de hurtigste internetforbindelser p\u00e5 markedet lige nu. Som standard vises kun de 5 f\u00f8rste, men hvis du trykker &#8220;Se fuld liste&#8221; vil du f\u00e5 den fulde liste med super hurtige internet-produkter.<\/p>\n<p>[hurtigste]<\/p>\n<p>Denne tabel indeholder ogs\u00e5 priser, s\u00e5 du kan v\u00e6lge den udbyder der tilbyder det hurtigste produkt til den <a href=\"\/\">billigste pris.<\/a> Husk ogs\u00e5 at bruge den f\u00f8rste tabel med trustpilot scores, da hurtigt internet ikke er meget v\u00e6rd, hvis det ikke virker og man ikke kan komme i kontakt med supporten.<\/p>\n<p>Vi h\u00e5ber, at du med denne guide har f\u00e5et et godt overblik over, hvor du finder det bedste internet lige nu.<\/p>\n<p>Data til vores guide blev leveret af Billig-Bredb\u00e5nd.nu\u00b4s side om <a href=\"https:\/\/www.xn--billig-bredbnd-wib.nu\/bedste-bredbaand.php\">det bedste bredb\u00e5nd p\u00e5 markedet<\/a> lige nu.<\/p>\n<h2>Det bedste internet afh\u00e6nger af din adresse<\/h2>\n<p>Det er virkelig sv\u00e6rt at sige noget konkret om, hvem der er den bedste internetudbyder, da det 100% afh\u00e6nger af, hvor du bor.<\/p>\n<p>F.eks. kan YouSee v\u00e6re den bedste, hvis du bor i Odense p\u00e5 fyn, fordi de lige i dit omr\u00e5de har gravet fiber ned og derfor kan tilbyde en <a href=\"https:\/\/musimi.dk\/billigste-fibernet.php\">billig fibernet forbindelse<\/a> til en lav pris, men YouSee p\u00e5 en adresse i S\u00f8nderjylland kun kan tilbyde en langsom COAX forbindelse, fordi de ikke har k\u00f8bt sig ind p\u00e5 fibernetv\u00e6rket i det omr\u00e5de.<\/p>\n<p>For nogle er en udbyder alts\u00e5 den bedste, men en anden udbyder er bedst for andre.<\/p>\n<p>Man kan dog godt sige noget generelt om udbyderen, f.eks. i forhold til hvor godt de d\u00e6kker hele Danmark og om de over en bred kam tilbyder lave priser.<\/p>\n<p>Derudover er deres kundeservice og support jo den samme om du er kunde i S\u00f8nderjylland eller p\u00e5 Fyn, og derfor kan netop kundeservicen give et prej om, hvem der egentlig er den bedste internetudbyder.<\/p>\n<p>Derudover er det slet ikke sikkert at alle udbydere tilbyder internet i dit omr\u00e5de, og s\u00e5 giver det jo slet ikke mening at k\u00e5re den bedste, hvis du alligevel ikke kan f\u00e5 internet fra dem.<\/p>\n<p>Vores klare anbefaling er derfor, at du tester din adresse og ser, hvem der rent faktisk kan levere internet i dit omr\u00e5de og ud fra det laver en subjektiv vurdering af, hvem du synes er bedst, n\u00e5r man kigger b\u00e5de p\u00e5 pris, hastighed og kundeservice.<\/p>\n<p><strong><a href=\"\/\">Test din adresse her -&gt;<\/a><\/strong><\/p>\n<h2>Det bedste internet<\/h2>\n<p>P\u00e5 listen herunder kan du se det bedste internet lige nu ud fra udbydernes Trustpilot score:<\/p>\n<p>[bedste_simple]<\/p>\n","protected":false},"excerpt":{"rendered":"<p>Brug tabellen nedenfor til at finde frem til det bedste internet lige nu, alts\u00e5 hvilken udbyder der performer bedst over for sine kunder lige nu. Tabellen er lavet p\u00e5 baggrund af de forskellige udbyderes trustpilotscores, og tabellen opdateres l\u00f8bende. [bedste] [bedste_simple] Definition p\u00e5 det bedste internet N\u00e5r man skal vurdere, hvem der tilbyder det bedste [&hellip;]<\/p>\n","protected":false},"author":1,"featured_media":0,"parent":0,"menu_order":0,"comment_status":"closed","ping_status":"closed","template":"","meta":{"footnotes":""},"class_list":["post-94","page","type-page","status-publish","hentry"],"yoast_head":"<!-- This site is optimized with the Yoast SEO plugin v25.9 - https:\/\/yoast.com\/wordpress\/plugins\/seo\/ -->\n<title>Bedste internetudbyder | Her har du de bedste udbydere lige nu!<\/title>\n<meta name=\"description\" content=\"Se hvilken internetudbyder der er bedst lige nu. Hvem tilbyder det bedste internet til den laveste pris. Bedst i test 2026\" \/>\n<meta name=\"robots\" content=\"index, follow, max-snippet:-1, max-image-preview:large, max-video-preview:-1\" \/>\n<link rel=\"canonical\" href=\"https:\/\/musimi.dk\/blog\/bedste-internet\/\" \/>\n<meta property=\"og:locale\" content=\"da_DK\" \/>\n<meta property=\"og:type\" content=\"article\" \/>\n<meta property=\"og:title\" content=\"Bedste internetudbyder | Her har du de bedste udbydere lige nu!\" \/>\n<meta property=\"og:description\" content=\"Se hvilken internetudbyder der er bedst lige nu. Hvem tilbyder det bedste internet til den laveste pris. Bedst i test [year]\" \/>\n<meta property=\"og:url\" content=\"https:\/\/musimi.dk\/blog\/bedste-internet\/\" \/>\n<meta property=\"og:site_name\" content=\"Musimi.dk bloggen\" \/>\n<meta property=\"article:modified_time\" content=\"2024-03-30T18:46:10+00:00\" \/>\n<meta property=\"og:image\" content=\"https:\/\/musimi.dk\/blog\/wp-content\/uploads\/2017\/04\/bedste-internet.png\" \/>\n<meta name=\"twitter:card\" content=\"summary_large_image\" \/>\n<meta name=\"twitter:label1\" content=\"Estimeret l\u00e6setid\" \/>\n\t<meta name=\"twitter:data1\" content=\"5 minutter\" \/>\n<!-- \/ Yoast SEO plugin. -->","yoast_head_json":{"title":"Bedste internetudbyder | Her har du de bedste udbydere lige nu!","description":"Se hvilken internetudbyder der er bedst lige nu. Hvem tilbyder det bedste internet til den laveste pris. Bedst i test 2026","robots":{"index":"index","follow":"follow","max-snippet":"max-snippet:-1","max-image-preview":"max-image-preview:large","max-video-preview":"max-video-preview:-1"},"canonical":"https:\/\/musimi.dk\/blog\/bedste-internet\/","og_locale":"da_DK","og_type":"article","og_title":"Bedste internetudbyder | Her har du de bedste udbydere lige nu!","og_description":"Se hvilken internetudbyder der er bedst lige nu. Hvem tilbyder det bedste internet til den laveste pris. Bedst i test [year]","og_url":"https:\/\/musimi.dk\/blog\/bedste-internet\/","og_site_name":"Musimi.dk bloggen","article_modified_time":"2024-03-30T18:46:10+00:00","og_image":[{"url":"https:\/\/musimi.dk\/blog\/wp-content\/uploads\/2017\/04\/bedste-internet.png","type":"","width":"","height":""}],"twitter_card":"summary_large_image","twitter_misc":{"Estimeret l\u00e6setid":"5 minutter"},"schema":{"@context":"https:\/\/schema.org","@graph":[{"@type":"WebPage","@id":"https:\/\/musimi.dk\/blog\/bedste-internet\/","url":"https:\/\/musimi.dk\/blog\/bedste-internet\/","name":"Bedste internetudbyder | Her har du de bedste udbydere lige nu!","isPartOf":{"@id":"https:\/\/musimi.dk\/blog\/#website"},"primaryImageOfPage":{"@id":"https:\/\/musimi.dk\/blog\/bedste-internet\/#primaryimage"},"image":{"@id":"https:\/\/musimi.dk\/blog\/bedste-internet\/#primaryimage"},"thumbnailUrl":"https:\/\/musimi.dk\/blog\/wp-content\/uploads\/2017\/04\/bedste-internet.png","datePublished":"2017-04-10T07:13:41+00:00","dateModified":"2024-03-30T18:46:10+00:00","description":"Se hvilken internetudbyder der er bedst lige nu. Hvem tilbyder det bedste internet til den laveste pris. Bedst i test [year]","breadcrumb":{"@id":"https:\/\/musimi.dk\/blog\/bedste-internet\/#breadcrumb"},"inLanguage":"da-DK","potentialAction":[{"@type":"ReadAction","target":["https:\/\/musimi.dk\/blog\/bedste-internet\/"]}]},{"@type":"ImageObject","inLanguage":"da-DK","@id":"https:\/\/musimi.dk\/blog\/bedste-internet\/#primaryimage","url":"https:\/\/musimi.dk\/blog\/wp-content\/uploads\/2017\/04\/bedste-internet.png","contentUrl":"https:\/\/musimi.dk\/blog\/wp-content\/uploads\/2017\/04\/bedste-internet.png","width":256,"height":256,"caption":"bedste internet"},{"@type":"BreadcrumbList","@id":"https:\/\/musimi.dk\/blog\/bedste-internet\/#breadcrumb","itemListElement":[{"@type":"ListItem","position":1,"name":"Hjem","item":"https:\/\/musimi.dk\/blog\/"},{"@type":"ListItem","position":2,"name":"Bedste internetudbyder 2024"}]},{"@type":"WebSite","@id":"https:\/\/musimi.dk\/blog\/#website","url":"https:\/\/musimi.dk\/blog\/","name":"Musimi.dk bloggen","description":"Dansk tech-blog!","potentialAction":[{"@type":"SearchAction","target":{"@type":"EntryPoint","urlTemplate":"https:\/\/musimi.dk\/blog\/?s={search_term_string}"},"query-input":{"@type":"PropertyValueSpecification","valueRequired":true,"valueName":"search_term_string"}}],"inLanguage":"da-DK"}]}},"_links":{"self":[{"href":"https:\/\/musimi.dk\/blog\/wp-json\/wp\/v2\/pages\/94","targetHints":{"allow":["GET"]}}],"collection":[{"href":"https:\/\/musimi.dk\/blog\/wp-json\/wp\/v2\/pages"}],"about":[{"href":"https:\/\/musimi.dk\/blog\/wp-json\/wp\/v2\/types\/page"}],"author":[{"embeddable":true,"href":"https:\/\/musimi.dk\/blog\/wp-json\/wp\/v2\/users\/1"}],"replies":[{"embeddable":true,"href":"https:\/\/musimi.dk\/blog\/wp-json\/wp\/v2\/comments?post=94"}],"version-history":[{"count":21,"href":"https:\/\/musimi.dk\/blog\/wp-json\/wp\/v2\/pages\/94\/revisions"}],"predecessor-version":[{"id":1243,"href":"https:\/\/musimi.dk\/blog\/wp-json\/wp\/v2\/pages\/94\/revisions\/1243"}],"wp:attachment":[{"href":"https:\/\/musimi.dk\/blog\/wp-json\/wp\/v2\/media?parent=94"}],"curies":[{"name":"wp","href":"https:\/\/api.w.org\/{rel}","templated":true}]}}